{"id":64,"date":"2024-03-24T21:36:21","date_gmt":"2024-03-24T20:36:21","guid":{"rendered":"https:\/\/colonisatorpcgame.com\/?post_type=product&#038;p=64"},"modified":"2024-03-25T19:17:29","modified_gmt":"2024-03-25T18:17:29","slug":"colonisator-plan-capitaine","status":"publish","type":"product","link":"https:\/\/colonisatorpcgame.com\/index.php\/produit\/colonisator-plan-capitaine\/","title":{"rendered":"Colonisator &#8211; Plan <span style=\"color: #9b59b6;\">Capitaine<\/span>"},"content":{"rendered":"<p>Ce plan inclus les avantage suivants :<\/p>\n<p><strong>Avantages <em><span style=\"color: #9b59b6;\">Capitaine<\/span><\/em><\/strong> :<\/p>\n<ul>\n<li><strong>1 autre cl\u00e9 Steam<\/strong> pour inviter une de vos connaissance<\/li>\n<li><strong>[Limit\u00e9] 1 navire unique dans le jeu avec le nom de votre choix<\/strong> (2)<\/li>\n<li>1 invitation sur le serveur Discord du jeu vous donnant acc\u00e8s au rang \u00ab\u00a0Capitaine\u00a0\u00bb : vous participez ainsi \u00e0 la phase de d\u00e9veloppement !<\/li>\n<li><strong>Votre apparition dans les cr\u00e9dits du jeu sera mise en avant<\/strong><\/li>\n<\/ul>\n<p>C&rsquo;est bien s\u00fbr en plus des avantages fournis par les plans Matelot et Quartier Ma\u00eetre :<\/p>\n<p><span style=\"color: #3498db;\">Quartier Ma\u00eetre<\/span> :<\/p>\n<ul>\n<li><span class=\"ui-provider a b c d e f g h i j k l m n o p q r s t u v w x y z ab ac ae af ag ah ai aj ak\" dir=\"ltr\">Vous appara\u00eetrez dans les cr\u00e9dits du jeu, avec le nom de votre choix (1), si vous le souhaitez<\/span><\/li>\n<li>[Limit\u00e9] 1 PNJ unique dans le jeu avec le nom de votre choix (2)<\/li>\n<li>1 teeshirt \u00e0 l&rsquo;effigie de Royal Pourceau Studios ou de Colonisator (3)<\/li>\n<\/ul>\n<p><span style=\"color: #2ecc71;\">Matelot<\/span> :<\/p>\n<ul>\n<li>1 cl\u00e9 Steam et 1 lien de t\u00e9l\u00e9chargement direct du jeu, vous permettant de jouer pendant la phase de d\u00e9veloppement au travers des nombreux b\u00eata tests pr\u00e9vus<\/li>\n<li>Acc\u00e8s au jeu lors de sa sortie en early access Steam et toutes ses mises \u00e0 jour<\/li>\n<\/ul>\n<hr \/>\n<p><em>(1) : choix qui sera valid\u00e9 au cas par cas<br \/>\n(2) : ce PNJ sera syst\u00e9matiquement pr\u00e9sent dans chaque partie, le nom devra \u00eatre valid\u00e9 au cas par cas.<br \/>\n(3) : la boutique n&rsquo;\u00e9tant pas encore en place, le choix est restreint. Ce choix sera \u00e9tendu au fil du temps !<\/em><\/p>\n<p>&nbsp;<\/p>\n","protected":false},"excerpt":{"rendered":"<p>Vous montrez votre engagement le plus important avec ce plan tr\u00e8s riche en contenu !<\/p>\n","protected":false},"featured_media":28,"comment_status":"open","ping_status":"closed","template":"","meta":{"site-sidebar-layout":"default","site-content-layout":"","ast-site-content-layout":"","site-content-style":"default","site-sidebar-style":"default","ast-global-header-display":"","ast-banner-title-visibility":"","ast-main-header-display":"","ast-hfb-above-header-display":"","ast-hfb-below-header-display":"","ast-hfb-mobile-header-display":"","site-post-title":"","ast-breadcrumbs-content":"","ast-featured-img":"","footer-sml-layout":"","theme-transparent-header-meta":"","adv-header-id-meta":"","stick-header-meta":"","header-above-stick-meta":"","header-main-stick-meta":"","header-below-stick-meta":"","astra-migrate-meta-layouts":"default","ast-page-background-enabled":"default","ast-page-background-meta":{"desktop":{"background-color":"var(--ast-global-color-5)","background-image":"","background-repeat":"repeat","background-position":"center center","background-size":"auto","background-attachment":"scroll","background-type":"","background-media":"","overlay-type":"","overlay-color":"","overlay-opacity":"","overlay-gradient":""},"tablet":{"background-color":"","background-image":"","background-repeat":"repeat","background-position":"center center","background-size":"auto","background-attachment":"scroll","background-type":"","background-media":"","overlay-type":"","overlay-color":"","overlay-opacity":"","overlay-gradient":""},"mobile":{"background-color":"","background-image":"","background-repeat":"repeat","background-position":"center center","background-size":"auto","background-attachment":"scroll","background-type":"","background-media":"","overlay-type":"","overlay-color":"","overlay-opacity":"","overlay-gradient":""}},"ast-content-background-meta":{"desktop":{"background-color":"var(--ast-global-color-4)","background-image":"","background-repeat":"repeat","background-position":"center center","background-size":"auto","background-attachment":"scroll","background-type":"","background-media":"","overlay-type":"","overlay-color":"","overlay-opacity":"","overlay-gradient":""},"tablet":{"background-color":"var(--ast-global-color-4)","background-image":"","background-repeat":"repeat","background-position":"center center","background-size":"auto","background-attachment":"scroll","background-type":"","background-media":"","overlay-type":"","overlay-color":"","overlay-opacity":"","overlay-gradient":""},"mobile":{"background-color":"var(--ast-global-color-4)","background-image":"","background-repeat":"repeat","background-position":"center center","background-size":"auto","background-attachment":"scroll","background-type":"","background-media":"","overlay-type":"","overlay-color":"","overlay-opacity":"","overlay-gradient":""}}},"product_brand":[],"product_cat":[20],"product_tag":[],"class_list":{"0":"post-64","1":"product","2":"type-product","3":"status-publish","4":"has-post-thumbnail","6":"product_cat-jeu-video","7":"desktop-align-left","8":"tablet-align-left","9":"mobile-align-left","11":"first","12":"instock","13":"downloadable","14":"virtual","15":"sold-individually","16":"taxable","17":"purchasable","18":"product-type-simple"},"_links":{"self":[{"href":"https:\/\/colonisatorpcgame.com\/index.php\/wp-json\/wp\/v2\/product\/64","targetHints":{"allow":["GET"]}}],"collection":[{"href":"https:\/\/colonisatorpcgame.com\/index.php\/wp-json\/wp\/v2\/product"}],"about":[{"href":"https:\/\/colonisatorpcgame.com\/index.php\/wp-json\/wp\/v2\/types\/product"}],"replies":[{"embeddable":true,"href":"https:\/\/colonisatorpcgame.com\/index.php\/wp-json\/wp\/v2\/comments?post=64"}],"wp:featuredmedia":[{"embeddable":true,"href":"https:\/\/colonisatorpcgame.com\/index.php\/wp-json\/wp\/v2\/media\/28"}],"wp:attachment":[{"href":"https:\/\/colonisatorpcgame.com\/index.php\/wp-json\/wp\/v2\/media?parent=64"}],"wp:term":[{"taxonomy":"product_brand","embeddable":true,"href":"https:\/\/colonisatorpcgame.com\/index.php\/wp-json\/wp\/v2\/product_brand?post=64"},{"taxonomy":"product_cat","embeddable":true,"href":"https:\/\/colonisatorpcgame.com\/index.php\/wp-json\/wp\/v2\/product_cat?post=64"},{"taxonomy":"product_tag","embeddable":true,"href":"https:\/\/colonisatorpcgame.com\/index.php\/wp-json\/wp\/v2\/product_tag?post=64"}],"curies":[{"name":"wp","href":"https:\/\/api.w.org\/{rel}","templated":true}]}}